{"id":21027,"date":"2025-10-30T09:02:35","date_gmt":"2025-10-30T08:02:35","guid":{"rendered":"https:\/\/swimmingpools.cz\/kontakt\/"},"modified":"2025-11-06T16:18:15","modified_gmt":"2025-11-06T15:18:15","slug":"kontakt","status":"publish","type":"page","link":"https:\/\/swimmingpools.cz\/de\/kontakt\/","title":{"rendered":"Kontakt"},"content":{"rendered":"<style>.elementor-21027 .elementor-element.elementor-element-b490f05{--display:flex;--padding-top:0px;--padding-bottom:0px;--padding-left:0px;--padding-right:0px;}<\/style>\t\t<div data-elementor-type=\"wp-page\" data-elementor-id=\"21027\" class=\"elementor elementor-21027 elementor-21017\" data-elementor-post-type=\"page\">\n\t\t\t\t<div class=\"elementor-element elementor-element-b490f05 e-con-full e-flex e-con e-parent\" data-id=\"b490f05\" data-element_type=\"container\" data-settings=\"{&quot;jet_parallax_layout_list&quot;:[]}\">\n\t\t\t\t<div class=\"elementor-element elementor-element-11e2327 elementor-widget elementor-widget-html\" data-id=\"11e2327\" data-element_type=\"widget\" data-widget_type=\"html.default\">\n\t\t\t\t<div class=\"elementor-widget-container\">\n\t\t\t\t\t<section style=\"text-align: center; padding: 40px 20px; background-color: #f5f5f5;\">\n<h1 style=\"font-size: 32px; color: #0077c0; margin-bottom: 10px;\">Kontaktieren Sie uns - machen Sie Ihren Pool-Traum wahr!<\/h1>\n<p style=\"font-size: 18px; color: #333; margin-bottom: 20px;\">Unverbindliche Anfrage, schnelle Antwort und professionelle Vorgehensweise<\/p>\n<a style=\"display: inline-block; background-color: #ff6600; color: #fff; padding: 12px 25px; text-decoration: none; font-weight: bold; border-radius: 5px;\" href=\"#contact-form\">Anfrage senden<\/a>\n\n<\/section><section style=\"display: flex; flex-wrap: wrap; justify-content: center; gap: 20px; padding: 40px 20px;\">\n<div style=\"flex: 1 1 200px; background: #fff; padding: 20px; text-align: center; border-radius: 10px; box-shadow: 0 2px 8px rgba(0,0,0,0.1);\">\n<div><\/div>\n<h3 style=\"margin: 10px 0; color: #0077c0;\">Telefon<\/h3>\n+420&nbsp;606&nbsp;710&nbsp;304\n\nRufen Sie uns an, um einen Beratungstermin zu vereinbaren.\n\n<\/div>\n<div style=\"flex: 1 1 200px; background: #fff; padding: 20px; text-align: center; border-radius: 10px; box-shadow: 0 2px 8px rgba(0,0,0,0.1);\">\n<div><\/div>\n<h3 style=\"margin: 10px 0; color: #ff6600;\">E-Mail<\/h3>\ninfo@jezero.cz\n\nSenden Sie uns Ihre Anfrage, wir werden Ihnen so schnell wie m\u00f6glich antworten.\n\n<\/div>\n<div style=\"flex: 1 1 200px; background: #fff; padding: 20px; text-align: center; border-radius: 10px; box-shadow: 0 2px 8px rgba(0,0,0,0.1);\">\n<div><\/div>\n<h3 style=\"margin: 10px 0; color: #00aa66;\">Adresse<\/h3>\nEurop\u00e4isch 80\n\nZnojmo 671&nbsp;81\n\nBesuchen Sie unsere R\u00e4umlichkeiten und lassen Sie sich von unseren Projekten inspirieren.\n\n<\/div>\n<\/section><section id=\"contact-form\" style=\"background: #f5f5f5; padding: 40px 20px; text-align: center;\">\n<h2 style=\"color: #0077c0; margin-bottom: 20px;\">Unverbindliche Anfrage<\/h2>\n<form style=\"max-width: 500px; margin: 0 auto; display: flex; flex-direction: column; gap: 15px;\"><input style=\"padding: 10px; border-radius: 5px; border: 1px solid #ccc;\" name=\"name\" type=\"text\" placeholder=\"Name\">\n<input style=\"padding: 10px; border-radius: 5px; border: 1px solid #ccc;\" name=\"email\" type=\"email\" placeholder=\"E-Mail\">\n<input style=\"padding: 10px; border-radius: 5px; border: 1px solid #ccc;\" name=\"phone\" type=\"tel\" placeholder=\"Telefon\">\n<select style=\"padding: 10px; border-radius: 5px; border: 1px solid #ccc;\" name=\"project\">\n<option value=\"\">Art des Projekts<\/option>\n<option value=\"bazen\">Schwimmbad<\/option>\n<option value=\"virivka\">Whirlpool<\/option>\n<option value=\"zastreseni\">\u00dcberdachung<\/option>\n<\/select>\n<textarea style=\"padding: 10px; border-radius: 5px; border: 1px solid #ccc; min-height: 100px;\" name=\"message\" placeholder=\"Ihre Nachricht\"><\/textarea>\n<button style=\"background-color: #ff6600; color: #fff; padding: 12px 25px; font-weight: bold; border: none; border-radius: 5px; cursor: pointer;\" type=\"submit\">Anfrage senden<\/button><\/form><\/section>\t\t\t\t<\/div>\n\t\t\t\t<\/div>\n\t\t\t\t<\/div>\n\t\t\t\t<\/div>\n\t\t","protected":false},"excerpt":{"rendered":"<p>Kontaktieren Sie uns &#8211; machen Sie Ihren Pool-Traum wahr! Unverbindliche Anfrage, schnelle Antwort und professionelle Vorgehensweise Anfrage senden Telefon +420&nbsp;606&nbsp;710&nbsp;304 Rufen Sie uns an, um einen Beratungstermin zu vereinbaren. E-Mail info@jezero.cz Senden Sie uns Ihre Anfrage, wir werden Ihnen so schnell wie m\u00f6glich antworten. Adresse Europ\u00e4isch 80 Znojmo 671&nbsp;81 Besuchen Sie unsere R\u00e4umlichkeiten und lassen [&hellip;]<\/p>\n","protected":false},"author":229,"featured_media":0,"parent":0,"menu_order":0,"comment_status":"closed","ping_status":"closed","template":"","meta":{"footnotes":""},"class_list":["post-21027","page","type-page","status-publish","hentry"],"_links":{"self":[{"href":"https:\/\/swimmingpools.cz\/de\/wp-json\/wp\/v2\/pages\/21027","targetHints":{"allow":["GET"]}}],"collection":[{"href":"https:\/\/swimmingpools.cz\/de\/wp-json\/wp\/v2\/pages"}],"about":[{"href":"https:\/\/swimmingpools.cz\/de\/wp-json\/wp\/v2\/types\/page"}],"author":[{"embeddable":true,"href":"https:\/\/swimmingpools.cz\/de\/wp-json\/wp\/v2\/users\/229"}],"replies":[{"embeddable":true,"href":"https:\/\/swimmingpools.cz\/de\/wp-json\/wp\/v2\/comments?post=21027"}],"version-history":[{"count":6,"href":"https:\/\/swimmingpools.cz\/de\/wp-json\/wp\/v2\/pages\/21027\/revisions"}],"predecessor-version":[{"id":21143,"href":"https:\/\/swimmingpools.cz\/de\/wp-json\/wp\/v2\/pages\/21027\/revisions\/21143"}],"wp:attachment":[{"href":"https:\/\/swimmingpools.cz\/de\/wp-json\/wp\/v2\/media?parent=21027"}],"curies":[{"name":"wp","href":"https:\/\/api.w.org\/{rel}","templated":true}]}}