{"id":21026,"date":"2025-10-30T09:02:34","date_gmt":"2025-10-30T08:02:34","guid":{"rendered":"https:\/\/swimmingpools.cz\/informationen-ueber-uns\/"},"modified":"2025-10-30T11:40:50","modified_gmt":"2025-10-30T10:40:50","slug":"informationen-ueber-uns","status":"publish","type":"page","link":"https:\/\/swimmingpools.cz\/de\/informationen-ueber-uns\/","title":{"rendered":"Informationen \u00fcber uns"},"content":{"rendered":"<style>.elementor-21026 .elementor-element.elementor-element-232a116{--display:flex;}<\/style>\t\t<div data-elementor-type=\"wp-page\" data-elementor-id=\"21026\" class=\"elementor elementor-21026 elementor-21016\" data-elementor-post-type=\"page\">\n\t\t\t\t<div class=\"elementor-element elementor-element-232a116 e-flex e-con-boxed e-con e-parent\" data-id=\"232a116\" data-element_type=\"container\" data-settings=\"{&quot;jet_parallax_layout_list&quot;:[]}\">\n\t\t\t\t\t<div class=\"e-con-inner\">\n\t\t\t\t<div class=\"elementor-element elementor-element-7dfd094 elementor-widget elementor-widget-text-editor\" data-id=\"7dfd094\" data-element_type=\"widget\" data-widget_type=\"text-editor.default\">\n\t\t\t\t<div class=\"elementor-widget-container\">\n\t\t\t\t\t\t\t\t\t\n<div style=\"max-width:900px; margin:0 auto; padding:30px; font-family:Arial,sans-serif; line-height:1.6; color:#333;\">\n\n  \n  <h2 style=\"color:#0077C0; text-align:center;\">Mit mehr als 30 Jahren Erfahrung haben wir uns auf die Planung und Ausf\u00fchrung von Schwimmb\u00e4dern, Whirlpools und \u00dcberdachungen spezialisiert.<\/h2>\n  <p style=\"text-align:center; font-size:16px; margin-bottom:30px;\">\n  Die sich perfekt in Ihren Raum und Ihren Lebensstil einf\u00fcgen. Unser Ziel ist es, \u00c4sthetik mit Funktionalit\u00e4t zu verbinden.   \n  Jeder Pool oder Whirlpool wird nach Ma\u00df entworfen, wobei der Schwerpunkt auf Qualit\u00e4t, Haltbarkeit und Komfort liegt. Mit unserem individuellen Ansatz liefern wir L\u00f6sungen, die genau Ihren Bed\u00fcrfnissen und W\u00fcnschen entsprechen. \n  <\/p>\n \n  <div style=\"display:flex; flex-wrap:wrap; justify-content:center; gap:15px; margin-bottom:30px;\">\n    <div style=\"flex:1 1 200px; background:#f0f8ff; padding:20px; text-align:center; border-radius:8px;\">\n      <strong>Alles ma\u00dfgeschneidert<\/strong>\n      <p>Jedes Projekt ist einzigartig und wird nach Ihren W\u00fcnschen gestaltet.<\/p>\n    <\/div>\n    <div style=\"flex:1 1 200px; background:#ffe6cc; padding:20px; text-align:center; border-radius:8px;\">\n      <strong>Qualit\u00e4t und Zuverl\u00e4ssigkeit<\/strong>\n      <p>Wir verwenden bew\u00e4hrte Technologien und Materialien, die jahrzehntelang halten.<\/p>\n    <\/div>\n    <div style=\"flex:1 1 200px; background:#e6ffe6; padding:20px; text-align:center; border-radius:8px;\">\n      <strong>Professioneller Ansatz<\/strong>\n      <p>Vom Entwurf \u00fcber die Implementierung bis hin zum Service &#8211; wir k\u00fcmmern uns um alles f\u00fcr Sie.<\/p>\n    <\/div>\n    <div style=\"flex:1 1 200px; background:#ffd6d6; padding:20px; text-align:center; border-radius:8px;\">\n      <strong>Zeitloses Design<\/strong>\n      <p>Swimmingpools und Whirlpools funktionieren nicht nur gut, sie sehen auch sch\u00f6n aus.<\/p>\n    <\/div>\n  <\/div>\n\n<div style=\"flex:1 1 200px; background:#cceeff; padding:20px; text-align:center; border-radius:8px; margin-top:15px;\">\n  <strong>Ma\u00dfgeschneiderte Teiche<\/strong>\n  <p>Koprpool konzentriert sich nicht nur auf Schwimmb\u00e4der und Whirlpools &#8211; wir entwerfen und bauen auch Zier- und Entspannungsteiche.  \n  Jeder Teich wird genau nach Ihren W\u00fcnschen angelegt, wobei der Schwerpunkt auf \u00c4sthetik, Funktionalit\u00e4t und Pflegeleichtigkeit liegt.  \n  Wir bringen ein St\u00fcck Natur direkt zu Ihnen nach Hause.<\/p>\n<\/div> <\/p>\n\n\n  \n  <div style=\"text-align:center; padding:20px; background:#f5f5f5; border-radius:8px;\">\n    <h3 style=\"color:#0077C0;\">Bereiten Sie Ihren Traumpool oder Whirlpool vor<\/h3>\n    <p style=\"margin-bottom:20px;\">\n  Z\u00f6gern Sie nicht und f\u00fcllen Sie eine unverbindliche Anfrage aus &#8211; unsere Spezialisten werden eine Berechnung und einen Entwurf genau f\u00fcr Sie erstellen.  \n  Sie k\u00f6nnen noch heute den ersten Schritt zu Ihrer eigenen Wohlf\u00fchloase machen.\n  \n   <\/p>\n   <a href=\"https:\/\/koprpool.cz\/kontakty#contact-form\" style=\"display:inline-block; background:#FF6600; color:#fff; padding:12px 25px; text-decoration:none; font-weight:bold; border-radius:5px;\" target=\"_blank\" rel=\"noopener\">\n  Unverbindliche Anfrage anfordern\n  <\/a>\n<\/div>\n\n<\/div>\t\t\t\t\t\t\t\t<\/div>\n\t\t\t\t<\/div>\n\t\t\t\t\t<\/div>\n\t\t\t\t<\/div>\n\t\t\t\t<\/div>\n\t\t","protected":false},"excerpt":{"rendered":"<p>Mit mehr als 30 Jahren Erfahrung haben wir uns auf die Planung und Ausf\u00fchrung von Schwimmb\u00e4dern, Whirlpools und \u00dcberdachungen spezialisiert. Die sich perfekt in Ihren Raum und Ihren Lebensstil einf\u00fcgen. Unser Ziel ist es, \u00c4sthetik mit Funktionalit\u00e4t zu verbinden. Jeder Pool oder Whirlpool wird nach Ma\u00df entworfen, wobei der Schwerpunkt auf Qualit\u00e4t, Haltbarkeit und Komfort [&hellip;]<\/p>\n","protected":false},"author":229,"featured_media":0,"parent":0,"menu_order":0,"comment_status":"closed","ping_status":"closed","template":"","meta":{"footnotes":""},"class_list":["post-21026","page","type-page","status-publish","hentry"],"_links":{"self":[{"href":"https:\/\/swimmingpools.cz\/de\/wp-json\/wp\/v2\/pages\/21026","targetHints":{"allow":["GET"]}}],"collection":[{"href":"https:\/\/swimmingpools.cz\/de\/wp-json\/wp\/v2\/pages"}],"about":[{"href":"https:\/\/swimmingpools.cz\/de\/wp-json\/wp\/v2\/types\/page"}],"author":[{"embeddable":true,"href":"https:\/\/swimmingpools.cz\/de\/wp-json\/wp\/v2\/users\/229"}],"replies":[{"embeddable":true,"href":"https:\/\/swimmingpools.cz\/de\/wp-json\/wp\/v2\/comments?post=21026"}],"version-history":[{"count":3,"href":"https:\/\/swimmingpools.cz\/de\/wp-json\/wp\/v2\/pages\/21026\/revisions"}],"predecessor-version":[{"id":21090,"href":"https:\/\/swimmingpools.cz\/de\/wp-json\/wp\/v2\/pages\/21026\/revisions\/21090"}],"wp:attachment":[{"href":"https:\/\/swimmingpools.cz\/de\/wp-json\/wp\/v2\/media?parent=21026"}],"curies":[{"name":"wp","href":"https:\/\/api.w.org\/{rel}","templated":true}]}}